{"id":10,"date":"2025-08-28T13:04:17","date_gmt":"2025-08-28T13:04:17","guid":{"rendered":"https:\/\/777olimpregistration.com\/?page_id=10"},"modified":"2025-08-28T13:04:18","modified_gmt":"2025-08-28T13:04:18","slug":"home","status":"publish","type":"page","link":"https:\/\/777olimpregistration.com\/","title":{"rendered":"Home"},"content":{"rendered":"\n<h1 class=\"wp-block-heading\"><strong>777Olimp kazino onlayn h\u0259r k\u0259s \u00fc\u00e7\u00fcn \u0259l\u00e7atan<\/strong><\/h1>\n\n\n\n<p>777Olimp onlayn kazino, t\u0259hl\u00fck\u0259sizlik v\u0259 oyun\u00e7u qazanc\u0131 vur\u011fusu il\u0259 oyun d\u00fcnyas\u0131na sad\u0259 bir giri\u015f t\u0259qdim edir. Oyun\u00e7ular m\u00fcxt\u0259lif oyunlar\u0131n geni\u015f \u00e7e\u015fidind\u0259n h\u0259zz alaraq c\u0259lbedici bonuslardan faydalana bil\u0259rl\u0259r.&nbsp;<\/p>\n\n\n\n<h2 class=\"wp-block-heading\"><strong>Onlayn kazino d\u00fcnyas\u0131na asan giri\u015f<\/strong><\/h2>\n\n\n\n<p>\u0130st\u0259r t\u0259cr\u00fcb\u0259li oyun\u00e7u, ist\u0259rs\u0259 d\u0259 yeni ba\u015flayan olma\u011f\u0131n\u0131zdan as\u0131l\u0131 olmayaraq, 777OLIMP onlayn kazinosuna qo\u015fulmaq h\u0259qiq\u0259t\u0259n \u00e7ox asand\u0131r.<\/p>\n\n\n\n<p>Biz, onlayn kazino azerbaycan istifad\u0259\u00e7il\u0259ri \u00fc\u00e7\u00fcn prosesi sad\u0259 v\u0259 s\u00fcr\u0259tli etmi\u015fik. Sad\u0259c\u0259 istifad\u0259\u00e7i ad\u0131 v\u0259 ya e-mail il\u0259 qeydiyyatdan ke\u00e7irik, v\u0259 d\u0259rhal oynama\u011fa ba\u015flaya bilirik.<\/p>\n\n\n\n<p>Rahat interfeys biz\u0259 ist\u0259diyimiz oyunu tapma\u011f\u0131 v\u0259 balans\u0131 idar\u0259 etm\u0259yi asanla\u015fd\u0131r\u0131r. Mobil v\u0259 masa\u00fcst\u00fc \u00fc\u00e7\u00fcn optimalla\u015fd\u0131r\u0131lm\u0131\u015f platforma say\u0259sind\u0259 h\u0259r k\u0259s ist\u0259diyi yerd\u0259n problemsiz \u015f\u0259kild\u0259 daxil ola bilir.<\/p>\n\n\n\n<p>Q\u0131sa m\u00fcdd\u0259td\u0259 se\u00e7diyimiz slotlar\u0131 v\u0259 ya crash oyunlar\u0131n\u0131 s\u0131naqdan ke\u00e7ir\u0259, h\u0259tta qeydiyyat olmadan demo rejimind\u0259 d\u0259 oynaya bil\u0259rik.<\/p>\n\n\n\n<p>Bu q\u0259d\u0259r sad\u0259 v\u0259 rahat ba\u015flan\u011f\u0131c h\u0259r k\u0259s \u00fc\u00e7\u00fcn \u0259l\u00e7atand\u0131r.<\/p>\n\n\n\n<h2 class=\"wp-block-heading\"><strong>N\u0259 \u00fc\u00e7\u00fcn 777Olimp se\u00e7ilm\u0259lidir?<\/strong><\/h2>\n\n\n\n<p>777olimp se\u00e7iminin niy\u0259 ham\u0131m\u0131z \u00fc\u00e7\u00fcn m\u0259nal\u0131 oldu\u011funu dan\u0131\u015faq.<\/p>\n\n\n\n<p>Yeni oyun\u00e7ular\u0131n oyuna asanl\u0131qla ba\u015flamas\u0131na k\u00f6m\u0259k edirik v\u0259 h\u0259r oyunun t\u0259hl\u00fck\u0259siz v\u0259 etibarl\u0131 bir m\u00fchitd\u0259 ba\u015f verm\u0259sini t\u0259min edirik.<\/p>\n\n\n\n<p>Biziml\u0259 t\u0259hl\u00fck\u0259sizliyiniz v\u0259 ya \u00f6d\u0259ni\u015fl\u0259riniz bar\u0259d\u0259 narahat olmadan oyundan z\u00f6vq ala bil\u0259rsiniz.<\/p>\n\n\n\n<h3 class=\"wp-block-heading\"><strong>Yeni oyun\u00e7ular \u00fc\u00e7\u00fcn imkanlar<\/strong><\/h3>\n\n\n\n<p>\u018fg\u0259r etibarl\u0131 v\u0259 rahat oyun t\u0259cr\u00fcb\u0259si axtar\u0131rs\u0131n\u0131zsa, 777Olimp yeni oyun\u00e7ular \u00fc\u00e7\u00fcn ideal se\u00e7imdir.<\/p>\n\n\n\n<p>Biz burada h\u0259r k\u0259sin asanl\u0131qla qeydiyyat prosesind\u0259n ke\u00e7\u0259 bil\u0259c\u0259yin\u0259 v\u0259 kazino oyunlar\u0131 online se\u00e7iml\u0259rind\u0259n z\u00f6vq alaca\u011f\u0131na \u0259minik.<\/p>\n\n\n\n<p>\u0130lk g\u00fcnd\u0259n etibar\u0259n, platformam\u0131z siz\u0259 s\u00fcr\u0259tli ba\u015flama v\u0259 m\u00fcxt\u0259lif imkanlar t\u0259qdim edir.<\/p>\n\n\n\n<p>Yeni istifad\u0259\u00e7il\u0259r \u00fc\u00e7\u00fcn \u0259sas \u00fcst\u00fcnl\u00fckl\u0259rimizi a\u015fa\u011f\u0131dak\u0131 kimi qeyd ed\u0259 bil\u0259rik:<\/p>\n\n\n\n<ol class=\"wp-block-list\">\n<li><strong>Sad\u0259 v\u0259 tez qeydiyyat<\/strong>: E-po\u00e7t v\u0259 ya istifad\u0259\u00e7i ad\u0131 il\u0259 saniy\u0259l\u0259r i\u00e7ind\u0259 hesab yaratmaq m\u00fcmk\u00fcnd\u00fcr.<\/li>\n\n\n\n<li><strong>Rahat kazino oyunlar\u0131 online se\u00e7imi<\/strong>: \u018fn populyar provayderl\u0259rin oyunlar\u0131, demoda yoxlama imkan\u0131.<\/li>\n\n\n\n<li><strong>A\u015fa\u011f\u0131 depozit limiti<\/strong>: Yaln\u0131z 5 manatla ba\u015flay\u0131b, b\u00f6y\u00fck qazanc \u0259ld\u0259 etm\u0259k \u015fans\u0131n\u0131z var.<\/li>\n<\/ol>\n\n\n\n<p>Yenilikl\u0259ri v\u0259 f\u00fcrs\u0259tl\u0259ri qa\u00e7\u0131rmay\u0131n!<\/p>\n\n\n\n<h3 class=\"wp-block-heading\"><strong>Etibarl\u0131 v\u0259 t\u0259hl\u00fck\u0259siz oyun prosesi<\/strong><\/h3>\n\n\n\n<p>Oyun zaman\u0131 rahatl\u0131\u011f\u0131n\u0131z v\u0259 qazanc\u0131n\u0131z bizim \u00fc\u00e7\u00fcn prioritetdir, \u00e7\u00fcnki 777Olimp-d\u0259 t\u0259hl\u00fck\u0259sizlik v\u0259 etibarl\u0131l\u0131q \u0259n \u0259sas prinsipl\u0259rimizdir. Biz kazino onlayn platformam\u0131zda h\u0259r zaman etibarl\u0131 v\u0259 t\u0259hl\u00fck\u0259siz oyun prosesi t\u0259qdim edirik. \u00d6d\u0259ni\u015fl\u0259rimizin vaxt\u0131nda v\u0259 problemsiz h\u0259yata ke\u00e7irilm\u0259si il\u0259 f\u0259xr edirik. M\u0259lumatlar\u0131n\u0131z SSL \u015fifr\u0259l\u0259m\u0259 il\u0259 qorunur, oyunlar\u0131n \u0259dal\u0259tliliyi is\u0259 beyn\u0259lxalq standartlara uy\u011fun r\u0259smi RTP il\u0259 t\u0259min edilir. Biziml\u0259 oynad\u0131\u011f\u0131n\u0131zda, h\u0259r add\u0131mda etibar v\u0259 rahatl\u0131q hiss edirsiniz.<\/p>\n\n\n\n<figure class=\"wp-block-table\"><table class=\"has-fixed-layout\"><tbody><tr><td><strong>T\u0259hl\u00fck\u0259sizlik<\/strong><\/td><td><strong>Etibarl\u0131l\u0131q<\/strong><\/td><td><strong>S\u00fcr\u0259tli \u00d6d\u0259ni\u015fl\u0259r<\/strong><\/td><\/tr><tr><td>SSL \u015fifr\u0259l\u0259m\u0259<\/td><td>He\u00e7 vaxt gecikm\u0259<\/td><td>Qazanclar d\u0259rhal<\/td><\/tr><tr><td>M\u0259lumat qorunur<\/td><td>B\u00fct\u00fcn \u00f6d\u0259ni\u015fl\u0259r z\u0259man\u0259tli<\/td><td>24\/7 d\u0259st\u0259k<\/td><\/tr><tr><td>R\u0259smi RTP<\/td><td>\u015e\u0259xsi m\u0259lumat t\u0259hl\u00fck\u0259sizdir<\/td><td>Stresssiz t\u0259cr\u00fcb\u0259<\/td><\/tr><tr><td>Xarici audit<\/td><td>Tam \u015f\u0259ffafl\u0131q<\/td><td>Etibar hissi<\/td><\/tr><tr><td>Server qorunmas\u0131<\/td><td>\u0130tki riski yoxdur<\/td><td>Arxay\u0131n oyun<\/td><\/tr><\/tbody><\/table><\/figure>\n\n\n\n<p>Biz, 777Olimp-d\u0259, h\u0259r zaman yan\u0131n\u0131zday\u0131q!<\/p>\n\n\n\n<h2 class=\"wp-block-heading\"><strong>Hesab\u0131n yarad\u0131lmas\u0131 v\u0259 do\u011frulama<\/strong><\/h2>\n\n\n\n<p>Bir ne\u00e7\u0259 d\u0259qiq\u0259 \u0259rzind\u0259 777OLIMP platformas\u0131nda hesab yaratmaq m\u00fcmk\u00fcnd\u00fcr, \u00e7\u00fcnki qeydiyyat prosesi sad\u0259 v\u0259 s\u00fcr\u0259tlidir.<\/p>\n\n\n\n<p>Biz yaln\u0131z \u0259sas m\u0259lumatlar\u0131 t\u0259l\u0259b edirik \u2013 istifad\u0259\u00e7i ad\u0131 v\u0259 ya e-mail kifay\u0259tdir.<\/p>\n\n\n\n<p>Hesab\u0131n yarad\u0131lmas\u0131 zaman\u0131 t\u0259hl\u00fck\u0259sizlik \u00f6n plandad\u0131r: platforma SSL \u015fifr\u0259l\u0259m\u0259si v\u0259 m\u00fcasir serverl\u0259rd\u0259 m\u0259lumatlar\u0131n qorunmas\u0131n\u0131 t\u0259min edir.<\/p>\n\n\n\n<p>Do\u011frulama \u00fc\u00e7\u00fcn \u0259lav\u0259 s\u0259n\u0259d v\u0259 ya m\u0259lumat ist\u0259mirik, bu is\u0259 h\u0259m rahatl\u0131q, h\u0259m d\u0259 s\u00fcr\u0259tli giri\u015f imkan\u0131 yarad\u0131r.<\/p>\n\n\n\n<p>Hesab\u0131m\u0131z\u0131 qoruyark\u0259n, oyun\u00e7ular\u0131n \u015f\u0259xsi m\u0259lumatlar\u0131n\u0131n t\u0259hl\u00fck\u0259sizliyin\u0259 x\u00fcsusi diqq\u0259t yetiririk.<\/p>\n\n\n\n<ol class=\"wp-block-list\">\n<li>Qeydiyyat zaman\u0131 istifad\u0259\u00e7i ad\u0131 v\u0259 ya e-mail daxil edirik.<\/li>\n\n\n\n<li>Hesab t\u0259hl\u00fck\u0259sizliyi \u00fc\u00e7\u00fcn g\u00fccl\u00fc \u015fifr\u0259l\u0259m\u0259 t\u0259tbiq olunur.<\/li>\n\n\n\n<li>Do\u011frulama prosesi sad\u0259 v\u0259 vaxt aparm\u0131r.<\/li>\n<\/ol>\n\n\n\n<h2 class=\"wp-block-heading\"><strong>Oyunlar v\u0259 kateqoriyalar<\/strong><\/h2>\n\n\n\n<p>777olimp-d\u0259 m\u00f6vcud olan \u0259n populyar oyunlara n\u0259z\u0259r salaq.<\/p>\n\n\n\n<p>Oyun\u00e7ular\u0131n x\u00fcsusil\u0259 \u00e7empion provayderind\u0259n Sevens On Fire, Rich Fruits v\u0259 Hot Sevens kimi oyunlar\u0131 sevdiyini g\u00f6rd\u00fck.<\/p>\n\n\n\n<p>Bu oyunlar sad\u0259 qaydalara v\u0259 y\u00fcks\u0259k qazanma potensial\u0131na malikdir.<\/p>\n\n\n\n<h3 class=\"wp-block-heading\"><strong>\u018fn sevil\u0259n oyunlar<\/strong><\/h3>\n\n\n\n<p>\u018fg\u0259r siz 777OLIMP platformas\u0131nda vaxt ke\u00e7irirsinizs\u0259, \u0259n populyar oyunlar\u0131n hans\u0131lar oldu\u011funu tez bir zamanda k\u0259\u015ff ed\u0259c\u0259ksiniz.<\/p>\n\n\n\n<p>\u0130st\u0259nil\u0259n vaxt \u0259n \u00e7ox se\u00e7il\u0259nl\u0259r s\u0131ras\u0131nda Champion providerin\u0259 m\u0259xsus Sevens on Fire, Rich Fruits v\u0259 Hot Sevens liderliyini qoruyur.<\/p>\n\n\n\n<p>Kazino oyunlar\u0131 i\u00e7\u0259risind\u0259 bu adlar h\u0259qiq\u0259t\u0259n \u00f6n plana \u00e7\u0131x\u0131r v\u0259 oyun\u00e7ular\u0131n mara\u011f\u0131 daim y\u00fcks\u0259kdir.<\/p>\n\n\n\n<p>Biz bu populyar oyunlar\u0131 se\u00e7\u0259rk\u0259n h\u0259m \u0259yl\u0259nc\u0259ni, h\u0259m d\u0259 real qazanc imkan\u0131n\u0131 d\u00fc\u015f\u00fcn\u00fcr\u00fck.<\/p>\n\n\n\n<p>H\u0259r oyun \u00f6z\u00fcn\u0259m\u0259xsus mexanikas\u0131 v\u0259 y\u00fcks\u0259k RTP g\u00f6st\u0259ricisi il\u0259 f\u0259rql\u0259nir ki, bu da qalib g\u0259lm\u0259 ehtimal\u0131n\u0131 art\u0131r\u0131r.<\/p>\n\n\n\n<p>G\u0259lin \u0259n \u00e7ox se\u00e7il\u0259n oyunlara n\u0259z\u0259r salaq:<\/p>\n\n\n\n<ol class=\"wp-block-list\">\n<li>Sevens on Fire<\/li>\n\n\n\n<li>Rich Fruits<\/li>\n\n\n\n<li>Hot Sevens<\/li>\n<\/ol>\n\n\n\n<h2 class=\"wp-block-heading\"><strong>Balans\u0131n art\u0131r\u0131lmas\u0131 v\u0259 udu\u015flar\u0131n \u00e7\u0131xar\u0131lmas\u0131<\/strong><\/h2>\n\n\n\n<p>Balans\u0131n\u0131z\u0131 nec\u0259 doldurmaq v\u0259 777olimp il\u0259 qazanc\u0131n\u0131z\u0131 nec\u0259 \u00e7\u0131xarmaq bar\u0259d\u0259 dan\u0131\u015faq.<\/p>\n\n\n\n<p>M10 elektron c\u00fczdan v\u0259 Visa v\u0259 ya MasterCard kimi rahat \u00f6d\u0259ni\u015f metodlar\u0131ndan istifad\u0259 ed\u0259 bil\u0259c\u0259yiniz\u0259 \u0259min olduq.<\/p>\n\n\n\n<p>Sad\u0259 se\u00e7iml\u0259r say\u0259sind\u0259 v\u0259saitl\u0259rinizi idar\u0259 etm\u0259k s\u00fcr\u0259tli v\u0259 stressizdir.<\/p>\n\n\n\n<h3 class=\"wp-block-heading\"><strong>Rahat \u00f6d\u0259ni\u015f \u00fcsullar\u0131<\/strong><\/h3>\n\n\n\n<p>\u0130stifad\u0259\u00e7il\u0259r \u00fc\u00e7\u00fcn balans\u0131n art\u0131r\u0131lmas\u0131 v\u0259 udu\u015flar\u0131n \u00e7\u0131xar\u0131lmas\u0131 prosesi 777OLIMP platformas\u0131nda olduqca sad\u0259 v\u0259 \u0259lveri\u015flidir.<\/p>\n\n\n\n<p>Biz azerbaycan kazino sah\u0259sind\u0259 \u0259n rahat onlayn \u00f6d\u0259m\u0259 imkanlar\u0131n\u0131 t\u0259qdim edirik. Hesab\u0131n\u0131za manatla \u00f6d\u0259ni\u015f etm\u0259k asand\u0131r v\u0259 he\u00e7 bir \u0259lav\u0259 verifikasiya t\u0259l\u0259b olunmur. M10 elektron pulqab\u0131s\u0131, Visa v\u0259 MasterCard kartlar\u0131 say\u0259sind\u0259, \u00f6d\u0259ni\u015fl\u0259r s\u00fcr\u0259tli v\u0259 t\u0259hl\u00fck\u0259siz \u015f\u0259kild\u0259 h\u0259yata ke\u00e7irilir.<\/p>\n\n\n\n<p>Udu\u015flar\u0131n\u0131z\u0131 da eyni \u00fcsullarla tez bir zamanda \u00e7\u0131xara bil\u0259rsiniz. Prosesi daha da rahatla\u015fd\u0131rmaq \u00fc\u00e7\u00fcn \u0259sas add\u0131mlar\u0131 bel\u0259 sadalaya bil\u0259rik:<\/p>\n\n\n\n<ol class=\"wp-block-list\">\n<li>Hesab\u0131m\u0131za daxil olub, balans\u0131 art\u0131r\u0131r\u0131q.<\/li>\n\n\n\n<li>\u0130st\u0259nil\u0259n oyunda \u015fans\u0131m\u0131z\u0131 s\u0131nay\u0131r\u0131q.<\/li>\n\n\n\n<li>Qazand\u0131\u011f\u0131m\u0131z halda, udu\u015fumuzu s\u00fcr\u0259tli \u015f\u0259kild\u0259 \u00e7\u0131xar\u0131r\u0131q.<\/li>\n<\/ol>\n\n\n\n<p>Rahatl\u0131q v\u0259 t\u0259hl\u00fck\u0259sizliy\u0259 \u00f6n\u0259m veririk!<\/p>\n\n\n\n<h2 class=\"wp-block-heading\"><strong>777Olimp d\u0259st\u0259k xidm\u0259ti<\/strong><\/h2>\n\n\n\n<p>M\u00fc\u015ft\u0259ri m\u0259mnuniyy\u0259ti bizim \u00fc\u00e7\u00fcn \u00f6n plandad\u0131r, buna g\u00f6r\u0259 d\u0259 777Olimp platformas\u0131nda d\u0259st\u0259k xidm\u0259ti 24\/7 rejimind\u0259 f\u0259aliyy\u0259t g\u00f6st\u0259rir. H\u0259r hans\u0131 bir sual\u0131n\u0131z v\u0259 ya probleminiz olduqda, ist\u0259diyiniz vaxt biz\u0259 m\u00fcraci\u0259t ed\u0259 bil\u0259rsiniz. Daxil ol v\u0259 platformam\u0131z\u0131n a\u015fa\u011f\u0131dak\u0131 d\u0259st\u0259k imkanlar\u0131ndan rahatl\u0131qla faydalan.<\/p>\n\n\n\n<p>Biz b\u00fct\u00fcn m\u00fcraci\u0259tl\u0259r\u0259 tez cavab verir v\u0259 h\u0259r zaman k\u00f6m\u0259k etm\u0259y\u0259 haz\u0131r\u0131q. Sizin rahatl\u0131\u011f\u0131n\u0131z v\u0259 t\u0259hl\u00fck\u0259siz oyun t\u0259cr\u00fcb\u0259niz bizim \u00fc\u00e7\u00fcn \u00e7ox \u00f6n\u0259mlidir.<\/p>\n\n\n\n<h2 class=\"wp-block-heading\"><strong>\u0130ndi qo\u015fulun v\u0259 qazan\u0131n<\/strong><\/h2>\n\n\n\n<p>Qeydiyyatdan ke\u00e7in, \u015fans\u0131n\u0131z\u0131 s\u0131nay\u0131n v\u0259 real udu\u015flar \u0259ld\u0259 edin \u2013 777Olimp-da oyun ba\u015flamaq bu q\u0259d\u0259r asand\u0131r.<\/p>\n\n\n\n<p>Biz birlikd\u0259 onlayn kazino oyunlari d\u00fcnyas\u0131na daxil olub, h\u0259r raundda u\u011fur \u00fc\u00e7\u00fcn \u00f6z \u015fans\u0131m\u0131z\u0131 yoxlaya bil\u0259rik.<\/p>\n\n\n\n<p>Platformam\u0131zda real udu\u015flar \u0259ld\u0259 etm\u0259k \u00fc\u00e7\u00fcn sad\u0259c\u0259 bir ne\u00e7\u0259 add\u0131m kifay\u0259tdir.<\/p>\n\n\n\n<p>H\u0259r g\u00fcn yeni f\u00fcrs\u0259tl\u0259r v\u0259 s\u00fcr\u0259tli \u00f6d\u0259ni\u015f imkanlar\u0131 il\u0259 qazanc\u0131m\u0131z\u0131 art\u0131rmaq \u00f6z \u0259limizd\u0259dir.<\/p>\n\n\n\n<p>G\u0259lin, ilk add\u0131m\u0131 birlikd\u0259 ataq:<\/p>\n\n\n\n<ol class=\"wp-block-list\">\n<li>Qeydiyyatdan ke\u00e7in v\u0259 hesab yarad\u0131n \u2013 prosesi c\u0259mi bir ne\u00e7\u0259 d\u0259qiq\u0259 \u00e7\u0259kir.<\/li>\n\n\n\n<li>Onlayn kazino oyunlari se\u00e7in v\u0259 demo v\u0259 ya real rejimd\u0259 oynay\u0131n.<\/li>\n\n\n\n<li>Real udu\u015flar qazan\u0131n v\u0259 s\u00fcr\u0259tli \u00f6d\u0259ni\u015fl\u0259rd\u0259n yararlan\u0131n.<\/li>\n<\/ol>\n\n\n\n<p>\u0130ndi qo\u015fulun, \u015fans\u0131n\u0131z\u0131 qa\u00e7\u0131rmay\u0131n!<\/p>\n\n\n\n<h2 class=\"wp-block-heading\"><strong>Tez-tez veril\u0259n suallar (FAQ)<\/strong><\/h2>\n\n\n\n<h3 class=\"wp-block-heading\"><strong>Depozit qoymaq \u00fc\u00e7\u00fcn hans\u0131 \u00f6d\u0259ni\u015f \u00fcsullar\u0131ndan istifad\u0259 ed\u0259 bil\u0259r\u0259m?<\/strong><\/h3>\n\n\n\n<p>B\u0259s depozit qoymaq \u00fc\u00e7\u00fcn hans\u0131 \u00f6d\u0259ni\u015f \u00fcsullar\u0131 m\u00f6vcuddur?<\/p>\n\n\n\n<p>Biz 777OLIMP-d\u0259 h\u0259r k\u0259sin rahatl\u0131qla kazino oynamaq \u00fc\u00e7\u00fcn depozit ed\u0259 bilm\u0259sini t\u0259min edirik.<\/p>\n\n\n\n<p>Platformam\u0131zda s\u00fcr\u0259tli \u00f6d\u0259\u015f v\u0259 t\u0259hl\u00fck\u0259sizlik \u00f6n plandad\u0131r.<\/p>\n\n\n\n<p>\u0130st\u0259diyiniz \u00fcsulu se\u00e7\u0259r\u0259k, vaxt itirm\u0259d\u0259n balans\u0131n\u0131z\u0131 art\u0131ra bil\u0259rsiniz.<\/p>\n\n\n\n<p>Hal-haz\u0131rda a\u015fa\u011f\u0131dak\u0131 \u00f6d\u0259ni\u015f \u00fcsullar\u0131n\u0131 t\u0259klif edirik:<\/p>\n\n\n\n<ol class=\"wp-block-list\">\n<li>Visa v\u0259 MasterCard bank kartlar\u0131 \u2013 \u018fn geni\u015f istifad\u0259 olunan, rahat v\u0259 t\u0259hl\u00fck\u0259siz se\u00e7im.<\/li>\n\n\n\n<li>M10 elektron pulqab\u0131 \u2013 Lokal istifad\u0259\u00e7il\u0259r \u00fc\u00e7\u00fcn s\u00fcr\u0259tli v\u0259 asan depozit imkan\u0131.<\/li>\n\n\n\n<li>Yer\u00fcst\u00fc xidm\u0259tl\u0259r \u2013 Yerli \u00f6d\u0259ni\u015f terminallar\u0131 vasit\u0259sil\u0259 balans art\u0131rmaq m\u00fcmk\u00fcnd\u00fcr.<\/li>\n<\/ol>\n\n\n\n<p>Biz bu \u00fcsullarla s\u00fcr\u0259tli \u00f6d\u0259\u015f v\u0259 t\u0259hl\u00fck\u0259sizliyi daim n\u0259zar\u0259td\u0259 saxlay\u0131r\u0131q ki, siz yaln\u0131z oyunun h\u0259zzini \u00e7\u0131xaras\u0131n\u0131z.<\/p>\n\n\n\n<h3 class=\"wp-block-heading\"><strong>Minimum depozit m\u0259bl\u0259\u011fi n\u0259 q\u0259d\u0259rdir v\u0259 maksimum n\u0259 q\u0259d\u0259r yat\u0131rmaq m\u00fcmk\u00fcnd\u00fcr?<\/strong><\/h3>\n\n\n\n<p>Siz minimum n\u0259 q\u0259d\u0259r depozit ed\u0259 bil\u0259c\u0259yinizi d\u00fc\u015f\u00fcn\u00fcrs\u00fcn\u00fcz?<\/p>\n\n\n\n<p>777OLIMP-d\u0259 oyun\u00e7ular \u00fc\u00e7\u00fcn giri\u015f s\u0259viyy\u0259si olduqca \u0259l\u00e7atand\u0131r \u2013 c\u0259mi 5 manatla balansa pul \u0259lav\u0259 etm\u0259k m\u00fcmk\u00fcnd\u00fcr. Y\u0259ni, minimum depozit m\u0259bl\u0259\u011fi \u00e7ox rahatd\u0131r v\u0259 h\u0259r k\u0259s \u00fc\u00e7\u00fcn \u0259lveri\u015flidir.<\/p>\n\n\n\n<p>S\u00fcr\u0259tli \u00f6d\u0259ni\u015f sistemi say\u0259sind\u0259 \u0259lav\u0259 olunan m\u0259bl\u0259\u011f d\u0259rhal hesab\u0131n\u0131za ke\u00e7ir. Maksimum depozit limiti is\u0259 daha b\u00f6y\u00fck m\u0259bl\u0259\u011f yat\u0131rmaq ist\u0259y\u0259nl\u0259r \u00fc\u00e7\u00fcn uy\u011fundur \u2013 bir \u0259m\u0259liyyatda ist\u0259nil\u0259n vaxt 1000 manat yat\u0131rmaq olar.<\/p>\n\n\n\n<p>\u018flav\u0259 x\u0259rcl\u0259r v\u0259 ya gecikm\u0259l\u0259r olmadan pulunuz birba\u015fa balans\u0131n\u0131za oturur. Bel\u0259likl\u0259, h\u0259m az, h\u0259m d\u0259 b\u00f6y\u00fck miqdarda oynamaq ist\u0259y\u0259n h\u0259r k\u0259s \u00fc\u00e7\u00fcn \u015f\u0259ffaf v\u0259 rahat depozit imkanlar\u0131 m\u00f6vcuddur.<\/p>\n\n\n\n<h3 class=\"wp-block-heading\"><strong>Depozit \u00fc\u00e7\u00fcn \u0259lav\u0259 yoxlama v\u0259 ya s\u0259n\u0259dl\u0259r t\u0259l\u0259b olunurmu?<\/strong><\/h3>\n\n\n\n<p>Depozit m\u0259bl\u0259\u011fi v\u0259 yat\u0131rma limiti haqq\u0131nda dan\u0131\u015fd\u0131qdan sonra, \u0259n \u00e7ox veril\u0259n suallardan biri d\u0259 \u0259lav\u0259 yoxlama v\u0259 ya s\u0259n\u0259d t\u0259l\u0259b olunub-olunmamas\u0131d\u0131r.<\/p>\n\n\n\n<p>777OLIMP-d\u0259 depozit etm\u0259k \u00fc\u00e7\u00fcn he\u00e7 bir \u0259lav\u0259 yoxlama v\u0259 ya s\u0259n\u0259d t\u0259qdim etm\u0259y\u0259 ehtiyac yoxdur. Biz sad\u0259 v\u0259 s\u00fcr\u0259tli depozit prosesin\u0259 \u00fcst\u00fcnl\u00fck veririk.<\/p>\n\n\n\n<p>Hesab a\u00e7maq \u00fc\u00e7\u00fcn yaln\u0131z email v\u0259 ya istifad\u0259\u00e7i ad\u0131 kifay\u0259tdir. Lisenziya t\u0259l\u0259b ed\u0259n b\u0259zi r\u0259qibl\u0259rd\u0259n f\u0259rqli olaraq, bizd\u0259 s\u0259n\u0259d yoxlamas\u0131 olmadan rahat oynaya bil\u0259rsiniz.<\/p>\n\n\n\n<p>Budur \u0259sas m\u0259qamlar:<\/p>\n\n\n\n<ol class=\"wp-block-list\">\n<li>Depozit \u00fc\u00e7\u00fcn s\u0259n\u0259d v\u0259 ya \u0259lav\u0259 yoxlama t\u0259l\u0259b olunmur.<\/li>\n\n\n\n<li>Hesab a\u00e7maq v\u0259 depozit etm\u0259k \u00fc\u00e7\u00fcn minimal m\u0259lumat laz\u0131md\u0131r.<\/li>\n\n\n\n<li>Lisenziya olmadan bel\u0259, t\u0259hl\u00fck\u0259siz v\u0259 \u015f\u0259ffaf depozit prosesi t\u0259min edirik.<\/li>\n<\/ol>\n\n\n\n<p>Bel\u0259likl\u0259, depozit etm\u0259k asand\u0131r v\u0259 tez ba\u015fa g\u0259lir.<\/p>\n\n\n\n<h3 class=\"wp-block-heading\"><strong>Saytda qeydiyyats\u0131z oyunlar\u0131n demo versiyas\u0131n\u0131 oynamaq m\u00fcmk\u00fcnd\u00fcrm\u00fc?<\/strong><\/h3>\n\n\n\n<p>\u018fks\u0259r oyun h\u0259v\u0259skarlar\u0131n\u0131 maraqland\u0131ran \u0259sas suallardan biri d\u0259 qeydiyyats\u0131z demo oyunlar\u0131n \u0259l\u00e7atan olub-olmamas\u0131d\u0131r. 777OLIMP platformas\u0131nda qeydiyyat olmadan ist\u0259nil\u0259n slot v\u0259 b\u0259zi crash oyunlar\u0131n\u0131n demo versiyas\u0131n\u0131 rahatl\u0131qla s\u0131naqdan ke\u00e7ir\u0259 bil\u0259rsiniz. Bunun \u00fc\u00e7\u00fcn sad\u0259c\u0259 sayta giri\u015f edirik v\u0259 ist\u0259diyimiz oyunun \u00fcz\u0259rin\u0259 klikl\u0259y\u0259r\u0259k \u201cDemo\u201d rejimini se\u00e7irik. Bu imkan yeni oyunlar il\u0259 tan\u0131\u015f olmaq v\u0259 strategiyam\u0131z\u0131 t\u0259kmill\u0259\u015fdirm\u0259k bax\u0131m\u0131ndan olduqca \u0259lveri\u015flidir. \u018flav\u0259 qeydiyyat t\u0259l\u0259b olunmur, risk yoxdur v\u0259 ist\u0259diyimiz q\u0259d\u0259r \u00f6d\u0259ni\u015fsiz \u015f\u0259kild\u0259 oynaya bilirik.<\/p>\n\n\n\n<figure class=\"wp-block-table\"><table class=\"has-fixed-layout\"><tbody><tr><td><strong>Demo Oyunlar\u0131n \u00dcst\u00fcnl\u00fckl\u0259ri<\/strong><\/td><td><strong>Qeydiyyats\u0131z Giri\u015fin Faydalar\u0131<\/strong><\/td><\/tr><tr><td>Pulsuz s\u0131naq imkan\u0131<\/td><td>M\u0259lumat payla\u015f\u0131m\u0131 olmadan<\/td><\/tr><tr><td>Strategiya \u00f6yr\u0259nm\u0259k<\/td><td>S\u00fcr\u0259tli yeni oyunlar test etm\u0259k<\/td><\/tr><tr><td>Limit olmadan oynamaq<\/td><td>Rahat interfeys<\/td><\/tr><tr><td>Risk olmadan \u0259yl\u0259nc\u0259<\/td><td>Anonimlik<\/td><\/tr><\/tbody><\/table><\/figure>\n","protected":false},"excerpt":{"rendered":"<p>777Olimp kazino onlayn h\u0259r k\u0259s \u00fc\u00e7\u00fcn \u0259l\u00e7atan 777Olimp onlayn kazino, t\u0259hl\u00fck\u0259sizlik v\u0259 oyun\u00e7u qazanc\u0131 vur\u011fusu il\u0259 oyun d\u00fcnyas\u0131na sad\u0259 bir [&hellip;]<\/p>\n","protected":false},"author":1,"featured_media":0,"parent":0,"menu_order":0,"comment_status":"closed","ping_status":"closed","template":"","meta":{"site-sidebar-layout":"default","site-content-layout":"","ast-site-content-layout":"default","site-content-style":"default","site-sidebar-style":"default","ast-global-header-display":"","ast-banner-title-visibility":"","ast-main-header-display":"","ast-hfb-above-header-display":"","ast-hfb-below-header-display":"","ast-hfb-mobile-header-display":"","site-post-title":"disabled","ast-breadcrumbs-content":"","ast-featured-img":"","footer-sml-layout":"","theme-transparent-header-meta":"","adv-header-id-meta":"","stick-header-meta":"","header-above-stick-meta":"","header-main-stick-meta":"","header-below-stick-meta":"","astra-migrate-meta-layouts":"default","ast-page-background-enabled":"default","ast-page-background-meta":{"desktop":{"background-color":"var(--ast-global-color-5)","background-image":"","background-repeat":"repeat","background-position":"center center","background-size":"auto","background-attachment":"scroll","background-type":"","background-media":"","overlay-type":"","overlay-color":"","overlay-opacity":"","overlay-gradient":""},"tablet":{"background-color":"","background-image":"","background-repeat":"repeat","background-position":"center center","background-size":"auto","background-attachment":"scroll","background-type":"","background-media":"","overlay-type":"","overlay-color":"","overlay-opacity":"","overlay-gradient":""},"mobile":{"background-color":"","background-image":"","background-repeat":"repeat","background-position":"center center","background-size":"auto","background-attachment":"scroll","background-type":"","background-media":"","overlay-type":"","overlay-color":"","overlay-opacity":"","overlay-gradient":""}},"ast-content-background-meta":{"desktop":{"background-color":"var(--ast-global-color-4)","background-image":"","background-repeat":"repeat","background-position":"center center","background-size":"auto","background-attachment":"scroll","background-type":"","background-media":"","overlay-type":"","overlay-color":"","overlay-opacity":"","overlay-gradient":""},"tablet":{"background-color":"var(--ast-global-color-4)","background-image":"","background-repeat":"repeat","background-position":"center center","background-size":"auto","background-attachment":"scroll","background-type":"","background-media":"","overlay-type":"","overlay-color":"","overlay-opacity":"","overlay-gradient":""},"mobile":{"background-color":"var(--ast-global-color-4)","background-image":"","background-repeat":"repeat","background-position":"center center","background-size":"auto","background-attachment":"scroll","background-type":"","background-media":"","overlay-type":"","overlay-color":"","overlay-opacity":"","overlay-gradient":""}},"footnotes":""},"class_list":["post-10","page","type-page","status-publish","hentry"],"_links":{"self":[{"href":"https:\/\/777olimpregistration.com\/index.php?rest_route=\/wp\/v2\/pages\/10","targetHints":{"allow":["GET"]}}],"collection":[{"href":"https:\/\/777olimpregistration.com\/index.php?rest_route=\/wp\/v2\/pages"}],"about":[{"href":"https:\/\/777olimpregistration.com\/index.php?rest_route=\/wp\/v2\/types\/page"}],"author":[{"embeddable":true,"href":"https:\/\/777olimpregistration.com\/index.php?rest_route=\/wp\/v2\/users\/1"}],"replies":[{"embeddable":true,"href":"https:\/\/777olimpregistration.com\/index.php?rest_route=%2Fwp%2Fv2%2Fcomments&post=10"}],"version-history":[{"count":2,"href":"https:\/\/777olimpregistration.com\/index.php?rest_route=\/wp\/v2\/pages\/10\/revisions"}],"predecessor-version":[{"id":12,"href":"https:\/\/777olimpregistration.com\/index.php?rest_route=\/wp\/v2\/pages\/10\/revisions\/12"}],"wp:attachment":[{"href":"https:\/\/777olimpregistration.com\/index.php?rest_route=%2Fwp%2Fv2%2Fmedia&parent=10"}],"curies":[{"name":"wp","href":"https:\/\/api.w.org\/{rel}","templated":true}]}}